{"id":47,"date":"2026-03-16T10:11:55","date_gmt":"2026-03-16T10:11:55","guid":{"rendered":"https:\/\/voltfest.glimnet.nu\/?page_id=47"},"modified":"2026-03-19T18:18:16","modified_gmt":"2026-03-19T18:18:16","slug":"om-oss","status":"publish","type":"page","link":"https:\/\/voltfest.glimnet.nu\/index.php\/om-oss\/","title":{"rendered":"Om Oss"},"content":{"rendered":"\t\t<div data-elementor-type=\"wp-page\" data-elementor-id=\"47\" class=\"elementor elementor-47\">\n\t\t\t\t<div class=\"elementor-element elementor-element-8db44c2 e-flex e-con-boxed e-con e-parent\" data-id=\"8db44c2\" data-element_type=\"container\" data-e-type=\"container\" data-settings=\"{&quot;background_background&quot;:&quot;classic&quot;}\">\n\t\t\t\t\t<div class=\"e-con-inner\">\n\t\t<div class=\"elementor-element elementor-element-79e14ff e-con-full e-flex e-con e-child\" data-id=\"79e14ff\" data-element_type=\"container\" data-e-type=\"container\">\n\t\t\t\t<div class=\"elementor-element elementor-element-2ccf77f elementor-widget__width-inherit elementor-widget elementor-widget-image\" data-id=\"2ccf77f\" data-element_type=\"widget\" data-e-type=\"widget\" data-widget_type=\"image.default\">\n\t\t\t\t\t\t\t\t\t\t\t\t\t\t\t<img fetchpriority=\"high\" decoding=\"async\" width=\"2400\" height=\"1600\" src=\"https:\/\/voltfest.glimnet.nu\/wp-content\/uploads\/2026\/03\/bogomil-mihaylov-ekHSHvgr27k-unsplash.jpg\" class=\"attachment-full size-full wp-image-154\" alt=\"\" srcset=\"https:\/\/voltfest.glimnet.nu\/wp-content\/uploads\/2026\/03\/bogomil-mihaylov-ekHSHvgr27k-unsplash.jpg 2400w, https:\/\/voltfest.glimnet.nu\/wp-content\/uploads\/2026\/03\/bogomil-mihaylov-ekHSHvgr27k-unsplash-300x200.jpg 300w, https:\/\/voltfest.glimnet.nu\/wp-content\/uploads\/2026\/03\/bogomil-mihaylov-ekHSHvgr27k-unsplash-1024x683.jpg 1024w, https:\/\/voltfest.glimnet.nu\/wp-content\/uploads\/2026\/03\/bogomil-mihaylov-ekHSHvgr27k-unsplash-768x512.jpg 768w, https:\/\/voltfest.glimnet.nu\/wp-content\/uploads\/2026\/03\/bogomil-mihaylov-ekHSHvgr27k-unsplash-1536x1024.jpg 1536w, https:\/\/voltfest.glimnet.nu\/wp-content\/uploads\/2026\/03\/bogomil-mihaylov-ekHSHvgr27k-unsplash-2048x1365.jpg 2048w\" sizes=\"(max-width: 2400px) 100vw, 2400px\" \/>\t\t\t\t\t\t\t\t\t\t\t\t\t\t\t<\/div>\n\t\t\t\t<\/div>\n\t\t<div class=\"elementor-element elementor-element-d54a1a1 e-con-full e-flex e-con e-child\" data-id=\"d54a1a1\" data-element_type=\"container\" data-e-type=\"container\">\n\t\t\t\t<div class=\"elementor-element elementor-element-8cbfa36 elementor-widget elementor-widget-text-editor\" data-id=\"8cbfa36\" data-element_type=\"widget\" data-e-type=\"widget\" data-widget_type=\"text-editor.default\">\n\t\t\t\t\t\t\t\t\t<div>\u00a0<\/div><p><span style=\"white-space-collapse: preserve;\">VoltFest startade med en enkel id\u00e9: att samla m\u00e4nniskor som \u00e4lskar rockmusik.<\/span><br \/><span style=\"white-space-collapse: preserve;\">Sedan starten har festivalen vuxit till ett stort evenemang med internationella artister, flera scener<\/span><br \/><span style=\"white-space-collapse: preserve;\">och tusentals bes\u00f6kare varje \u00e5r.<\/span><br \/><span style=\"white-space-collapse: preserve;\">V\u00e5rt m\u00e5l \u00e4r att skapa en of\u00f6rgl\u00f6mlig upplevelse d\u00e4r musik, gemenskap och energi m\u00f6ts.<\/span><\/p>\t\t\t\t\t\t\t\t<\/div>\n\t\t\t\t<\/div>\n\t\t<div class=\"elementor-element elementor-element-751caa2 e-con-full e-flex e-con e-child\" data-id=\"751caa2\" data-element_type=\"container\" data-e-type=\"container\">\n\t\t\t\t<div class=\"elementor-element elementor-element-980271c elementor-widget elementor-widget-text-editor\" data-id=\"980271c\" data-element_type=\"widget\" data-e-type=\"widget\" data-widget_type=\"text-editor.default\">\n\t\t\t\t\t\t\t\t\t<p data-path-to-node=\"3,0\">Vi tror p\u00e5 kraften i livemusik att f\u00f6ra m\u00e4nniskor samman, skapa nya bekantskaper och bygga minnen som stannar kvar l\u00e5ngt efter att den sista tonen klingat ut.<\/p><p data-path-to-node=\"3,1\">Bakom VoltFest st\u00e5r en h\u00e4ngiven grupp av eldsj\u00e4lar, volont\u00e4rer och kreat\u00f6rer som alla delar en gemensam vision: att skapa en festivalupplevelse ut\u00f6ver det vanliga. Vi \u00e4r stolta \u00f6ver att kunna erbjuda en scen d\u00e4r b\u00e5de etablerade namn och nya stj\u00e4rnor f\u00e5r skina, och vi \u00e4r s\u00e5 glada att du vill vara en del av v\u00e5r historia.<\/p>\t\t\t\t\t\t\t\t<\/div>\n\t\t\t\t<\/div>\n\t\t<div class=\"elementor-element elementor-element-c8c09f8 e-con-full e-flex e-con e-child\" data-id=\"c8c09f8\" data-element_type=\"container\" data-e-type=\"container\">\n\t\t\t\t<div class=\"elementor-element elementor-element-e48d88c elementor-widget__width-inherit elementor-widget elementor-widget-image\" data-id=\"e48d88c\" data-element_type=\"widget\" data-e-type=\"widget\" data-widget_type=\"image.default\">\n\t\t\t\t\t\t\t\t\t\t\t\t\t\t\t<img decoding=\"async\" width=\"2400\" height=\"1600\" src=\"https:\/\/voltfest.glimnet.nu\/wp-content\/uploads\/2026\/03\/ingridi-alves-photograph-yePWDGPUWO0-unsplash.jpg\" class=\"attachment-full size-full wp-image-155\" alt=\"\" srcset=\"https:\/\/voltfest.glimnet.nu\/wp-content\/uploads\/2026\/03\/ingridi-alves-photograph-yePWDGPUWO0-unsplash.jpg 2400w, https:\/\/voltfest.glimnet.nu\/wp-content\/uploads\/2026\/03\/ingridi-alves-photograph-yePWDGPUWO0-unsplash-300x200.jpg 300w, https:\/\/voltfest.glimnet.nu\/wp-content\/uploads\/2026\/03\/ingridi-alves-photograph-yePWDGPUWO0-unsplash-1024x683.jpg 1024w, https:\/\/voltfest.glimnet.nu\/wp-content\/uploads\/2026\/03\/ingridi-alves-photograph-yePWDGPUWO0-unsplash-768x512.jpg 768w, https:\/\/voltfest.glimnet.nu\/wp-content\/uploads\/2026\/03\/ingridi-alves-photograph-yePWDGPUWO0-unsplash-1536x1024.jpg 1536w, https:\/\/voltfest.glimnet.nu\/wp-content\/uploads\/2026\/03\/ingridi-alves-photograph-yePWDGPUWO0-unsplash-2048x1365.jpg 2048w\" sizes=\"(max-width: 2400px) 100vw, 2400px\" \/>\t\t\t\t\t\t\t\t\t\t\t\t\t\t\t<\/div>\n\t\t\t\t<\/div>\n\t\t\t\t\t<\/div>\n\t\t\t\t<\/div>\n\t\t\t\t<\/div>\n\t\t","protected":false},"excerpt":{"rendered":"<p>\u00a0 VoltFest startade med en enkel id\u00e9: att samla m\u00e4nniskor som \u00e4lskar rockmusik.Sedan starten har festivalen vuxit till ett stort evenemang med internationella artister, flera sceneroch tusentals bes\u00f6kare varje \u00e5r.V\u00e5rt m\u00e5l \u00e4r att skapa en of\u00f6rgl\u00f6mlig upplevelse d\u00e4r musik, gemenskap och energi m\u00f6ts. Vi tror p\u00e5 kraften i livemusik att f\u00f6ra m\u00e4nniskor samman, skapa nya [&hellip;]<\/p>\n","protected":false},"author":5,"featured_media":149,"parent":0,"menu_order":0,"comment_status":"closed","ping_status":"closed","template":"","meta":{"footnotes":""},"class_list":["post-47","page","type-page","status-publish","has-post-thumbnail","hentry"],"_links":{"self":[{"href":"https:\/\/voltfest.glimnet.nu\/index.php\/wp-json\/wp\/v2\/pages\/47","targetHints":{"allow":["GET"]}}],"collection":[{"href":"https:\/\/voltfest.glimnet.nu\/index.php\/wp-json\/wp\/v2\/pages"}],"about":[{"href":"https:\/\/voltfest.glimnet.nu\/index.php\/wp-json\/wp\/v2\/types\/page"}],"author":[{"embeddable":true,"href":"https:\/\/voltfest.glimnet.nu\/index.php\/wp-json\/wp\/v2\/users\/5"}],"replies":[{"embeddable":true,"href":"https:\/\/voltfest.glimnet.nu\/index.php\/wp-json\/wp\/v2\/comments?post=47"}],"version-history":[{"count":22,"href":"https:\/\/voltfest.glimnet.nu\/index.php\/wp-json\/wp\/v2\/pages\/47\/revisions"}],"predecessor-version":[{"id":311,"href":"https:\/\/voltfest.glimnet.nu\/index.php\/wp-json\/wp\/v2\/pages\/47\/revisions\/311"}],"wp:featuredmedia":[{"embeddable":true,"href":"https:\/\/voltfest.glimnet.nu\/index.php\/wp-json\/wp\/v2\/media\/149"}],"wp:attachment":[{"href":"https:\/\/voltfest.glimnet.nu\/index.php\/wp-json\/wp\/v2\/media?parent=47"}],"curies":[{"name":"wp","href":"https:\/\/api.w.org\/{rel}","templated":true}]}}