{"id":49,"date":"2026-03-16T10:12:12","date_gmt":"2026-03-16T10:12:12","guid":{"rendered":"https:\/\/voltfest.glimnet.nu\/?page_id=49"},"modified":"2026-03-24T11:39:26","modified_gmt":"2026-03-24T11:39:26","slug":"info","status":"publish","type":"page","link":"https:\/\/voltfest.glimnet.nu\/index.php\/info\/","title":{"rendered":"Info"},"content":{"rendered":"\t\t<div data-elementor-type=\"wp-page\" data-elementor-id=\"49\" class=\"elementor elementor-49\">\n\t\t\t\t<div class=\"elementor-element elementor-element-6ca83fc e-con-full e-flex e-con e-parent\" data-id=\"6ca83fc\" data-element_type=\"container\" data-e-type=\"container\" data-settings=\"{&quot;background_background&quot;:&quot;classic&quot;}\">\n\t\t<div class=\"elementor-element elementor-element-9aeb04a e-flex e-con-boxed e-con e-child\" data-id=\"9aeb04a\" data-element_type=\"container\" data-e-type=\"container\">\n\t\t\t\t\t<div class=\"e-con-inner\">\n\t\t\t\t<div class=\"elementor-element elementor-element-752b8e7 elementor-widget elementor-widget-heading\" data-id=\"752b8e7\" data-element_type=\"widget\" data-e-type=\"widget\" data-widget_type=\"heading.default\">\n\t\t\t\t\t<h2 class=\"elementor-heading-title elementor-size-default\"><p data-path-to-node=\"4,0\">V\u00e4lkommen till VoltFest \u2013 vi \u00e4r s\u00e5 otroligt glada att du vill dela den h\u00e4r helgen med oss! F\u00f6r att g\u00f6ra din festivalupplevelse s\u00e5 smidig och fantastisk som m\u00f6jligt har vi samlat all praktisk information p\u00e5 ett och samma st\u00e4lle. H\u00e4r hittar du allt fr\u00e5n hur du enklast tar dig hit, var du kan sl\u00e5 upp ditt t\u00e4lt, till n\u00e4r dina favoritartister kliver upp p\u00e5 scenen.<\/p><p data-path-to-node=\"4,1\">V\u00e5rt m\u00e5l \u00e4r att du ska kunna fokusera p\u00e5 det som verkligen r\u00e4knas: musiken, gemenskapen och minnena f\u00f6r livet. Ta en stund och g\u00e5 igenom informationen nedan, s\u00e5 \u00e4r du redo att dyka in i festivalens magi n\u00e4r startskottet g\u00e5r. Vi ses vid scenen!<\/p><\/h2>\t\t\t\t<\/div>\n\t\t\t\t\t<\/div>\n\t\t\t\t<\/div>\n\t\t<div class=\"elementor-element elementor-element-2f596b3 e-con-full e-flex e-con e-child\" data-id=\"2f596b3\" data-element_type=\"container\" data-e-type=\"container\" data-settings=\"{&quot;background_background&quot;:&quot;classic&quot;}\">\n\t\t<div class=\"elementor-element elementor-element-8d26193 e-con-full e-flex e-con e-child\" data-id=\"8d26193\" data-element_type=\"container\" data-e-type=\"container\">\n\t\t\t\t<div class=\"elementor-element elementor-element-353c163 elementor-widget elementor-widget-heading\" data-id=\"353c163\" data-element_type=\"widget\" data-e-type=\"widget\" data-widget_type=\"heading.default\">\n\t\t\t\t\t<h2 class=\"elementor-heading-title elementor-size-default\">Boende<\/h2>\t\t\t\t<\/div>\n\t\t\t\t<\/div>\n\t\t\t\t<\/div>\n\t\t<div class=\"elementor-element elementor-element-e0c21c5 e-flex e-con-boxed e-con e-child\" data-id=\"e0c21c5\" data-element_type=\"container\" data-e-type=\"container\">\n\t\t\t\t\t<div class=\"e-con-inner\">\n\t\t\t\t<div class=\"elementor-element elementor-element-744efef elementor-widget elementor-widget-text-editor\" data-id=\"744efef\" data-element_type=\"widget\" data-e-type=\"widget\" data-widget_type=\"text-editor.default\">\n\t\t\t\t\t\t\t\t\t<p>VoltFest \u00e4r mer \u00e4n bara musik \u2013 det \u00e4r en gemenskap. F\u00f6r att din helg ska bli s\u00e5 bekv\u00e4m och minnesv\u00e4rd som m\u00f6jligt har vi tagit fram flera olika boendealternativ. Oavsett om du vill leva festival-livet fullt ut i v\u00e5ra t\u00e4ltomr\u00e5den eller f\u00f6redrar en mjuk hotells\u00e4ng efter en l\u00e5ng dag framf\u00f6r scenen, ser vi till att du har en trygg bas att \u00e5terv\u00e4nda till n\u00e4r natten blir sen. H\u00e4r hittar du allt du beh\u00f6ver veta f\u00f6r att boka din sovplats hos oss.<\/p>\t\t\t\t\t\t\t\t<\/div>\n\t\t\t\t\t<\/div>\n\t\t\t\t<\/div>\n\t\t<div class=\"elementor-element elementor-element-f4bd962 e-con-full e-flex e-con e-child\" data-id=\"f4bd962\" data-element_type=\"container\" data-e-type=\"container\" data-settings=\"{&quot;background_background&quot;:&quot;classic&quot;}\">\n\t\t<div class=\"elementor-element elementor-element-27924f1 e-con-full e-flex e-con e-child\" data-id=\"27924f1\" data-element_type=\"container\" data-e-type=\"container\">\n\t\t\t\t<div class=\"elementor-element elementor-element-0d31add elementor-widget elementor-widget-heading\" data-id=\"0d31add\" data-element_type=\"widget\" data-e-type=\"widget\" data-widget_type=\"heading.default\">\n\t\t\t\t\t<h2 class=\"elementor-heading-title elementor-size-default\">hitta hit<\/h2>\t\t\t\t<\/div>\n\t\t\t\t<\/div>\n\t\t\t\t<\/div>\n\t\t<div class=\"elementor-element elementor-element-1d578aa e-flex e-con-boxed e-con e-child\" data-id=\"1d578aa\" data-element_type=\"container\" data-e-type=\"container\">\n\t\t\t\t\t<div class=\"e-con-inner\">\n\t\t\t\t<div class=\"elementor-element elementor-element-ed76fd3 elementor-widget elementor-widget-text-editor\" data-id=\"ed76fd3\" data-element_type=\"widget\" data-e-type=\"widget\" data-widget_type=\"text-editor.default\">\n\t\t\t\t\t\t\t\t\t<p>Vi vill att din resa till festivalen ska vara enkel, smidig och s\u00e5 h\u00e5llbar som m\u00f6jligt. VoltFest arrangeras p\u00e5 Malm\u00f6 och vi har sett till att det finns flera s\u00e4tt att ta sig hit, oavsett om du f\u00f6redrar att \u00e5ka t\u00e5g, buss eller bil. Nedan har vi samlat den viktigaste informationen f\u00f6r att din ankomst ska bli s\u00e5 problemfri som m\u00f6jligt. Planera din resa i god tid, s\u00e5 kan du fokusera p\u00e5 det viktigaste: att maxa upplevelsen n\u00e4r du v\u00e4l \u00e4r framme!<\/p>\t\t\t\t\t\t\t\t<\/div>\n\t\t\t\t\t<\/div>\n\t\t\t\t<\/div>\n\t\t<div class=\"elementor-element elementor-element-a534608 e-con-full e-flex e-con e-child\" data-id=\"a534608\" data-element_type=\"container\" data-e-type=\"container\" data-settings=\"{&quot;background_background&quot;:&quot;classic&quot;}\">\n\t\t<div class=\"elementor-element elementor-element-c05abc6 e-con-full e-flex e-con e-child\" data-id=\"c05abc6\" data-element_type=\"container\" data-e-type=\"container\">\n\t\t\t\t<div class=\"elementor-element elementor-element-5b4d987 elementor-widget elementor-widget-heading\" data-id=\"5b4d987\" data-element_type=\"widget\" data-e-type=\"widget\" data-widget_type=\"heading.default\">\n\t\t\t\t\t<h2 class=\"elementor-heading-title elementor-size-default\">schema<\/h2>\t\t\t\t<\/div>\n\t\t\t\t<\/div>\n\t\t\t\t<\/div>\n\t\t<div class=\"elementor-element elementor-element-5c1ac86 e-flex e-con-boxed e-con e-child\" data-id=\"5c1ac86\" data-element_type=\"container\" data-e-type=\"container\">\n\t\t\t\t\t<div class=\"e-con-inner\">\n\t\t\t\t<div class=\"elementor-element elementor-element-ac14938 elementor-widget elementor-widget-text-editor\" data-id=\"ac14938\" data-element_type=\"widget\" data-e-type=\"widget\" data-widget_type=\"text-editor.default\">\n\t\t\t\t\t\t\t\t\t<p>Nu \u00e4r det \u00e4ntligen dags att b\u00f6rja planera din festivalhelg! Med tre scener och en lineup fylld av fantastiska artister finns det mycket att h\u00e5lla koll p\u00e5. H\u00e4r kan du utforska \u00e5rets spelschema och se n\u00e4r dina absoluta favoriter kliver upp p\u00e5 scenen. Vi rekommenderar att du kikar igenom tiderna i f\u00f6rv\u00e4g s\u00e5 att du inte missar n\u00e5got, men gl\u00f6m inte att ocks\u00e5 l\u00e4mna utrymme f\u00f6r lite spontanitet \u2013 ibland \u00e4r det de ov\u00e4ntade upptr\u00e4dandena som blir helgens b\u00e4sta minnen.<\/p>\t\t\t\t\t\t\t\t<\/div>\n\t\t\t\t\t<\/div>\n\t\t\t\t<\/div>\n\t\t\t\t<\/div>\n\t\t\t\t<\/div>\n\t\t","protected":false},"excerpt":{"rendered":"<p>V\u00e4lkommen till VoltFest \u2013 vi \u00e4r s\u00e5 otroligt glada att du vill dela den h\u00e4r helgen med oss! F\u00f6r att g\u00f6ra din festivalupplevelse s\u00e5 smidig och fantastisk som m\u00f6jligt har vi samlat all praktisk information p\u00e5 ett och samma st\u00e4lle. H\u00e4r hittar du allt fr\u00e5n hur du enklast tar dig hit, var du kan sl\u00e5 [&hellip;]<\/p>\n","protected":false},"author":5,"featured_media":368,"parent":0,"menu_order":0,"comment_status":"closed","ping_status":"closed","template":"","meta":{"footnotes":""},"class_list":["post-49","page","type-page","status-publish","has-post-thumbnail","hentry"],"_links":{"self":[{"href":"https:\/\/voltfest.glimnet.nu\/index.php\/wp-json\/wp\/v2\/pages\/49","targetHints":{"allow":["GET"]}}],"collection":[{"href":"https:\/\/voltfest.glimnet.nu\/index.php\/wp-json\/wp\/v2\/pages"}],"about":[{"href":"https:\/\/voltfest.glimnet.nu\/index.php\/wp-json\/wp\/v2\/types\/page"}],"author":[{"embeddable":true,"href":"https:\/\/voltfest.glimnet.nu\/index.php\/wp-json\/wp\/v2\/users\/5"}],"replies":[{"embeddable":true,"href":"https:\/\/voltfest.glimnet.nu\/index.php\/wp-json\/wp\/v2\/comments?post=49"}],"version-history":[{"count":25,"href":"https:\/\/voltfest.glimnet.nu\/index.php\/wp-json\/wp\/v2\/pages\/49\/revisions"}],"predecessor-version":[{"id":476,"href":"https:\/\/voltfest.glimnet.nu\/index.php\/wp-json\/wp\/v2\/pages\/49\/revisions\/476"}],"wp:featuredmedia":[{"embeddable":true,"href":"https:\/\/voltfest.glimnet.nu\/index.php\/wp-json\/wp\/v2\/media\/368"}],"wp:attachment":[{"href":"https:\/\/voltfest.glimnet.nu\/index.php\/wp-json\/wp\/v2\/media?parent=49"}],"curies":[{"name":"wp","href":"https:\/\/api.w.org\/{rel}","templated":true}]}}